{"id":14572,"date":"2024-04-12T16:43:39","date_gmt":"2024-04-12T15:43:39","guid":{"rendered":"https:\/\/leiria.hoti.shareit.pt\/politica-ambiental\/"},"modified":"2025-01-15T14:53:12","modified_gmt":"2025-01-15T14:53:12","slug":"politica-ambiental","status":"publish","type":"page","link":"https:\/\/www.trypleiria.com\/es\/politica-ambiental\/","title":{"rendered":"Pol\u00edtica Ambiental"},"content":{"rendered":"\t\t<div data-elementor-type=\"wp-page\" data-elementor-id=\"14572\" class=\"elementor elementor-14572 elementor-14320\" data-elementor-post-type=\"page\">\n\t\t\t\t<section class=\"elementor-element elementor-element-0d006ca e-con-full e-flex e-con e-parent\" data-id=\"0d006ca\" data-element_type=\"container\" data-settings=\"{&quot;background_background&quot;:&quot;classic&quot;}\">\n\t\t<div class=\"elementor-element elementor-element-460a01e e-con-full e-flex e-con e-child\" data-id=\"460a01e\" data-element_type=\"container\">\n\t\t\t\t<div class=\"elementor-element elementor-element-5068d43 elementor-widget elementor-widget-heading\" data-id=\"5068d43\" data-element_type=\"widget\" data-widget_type=\"heading.default\">\n\t\t\t\t<div class=\"elementor-widget-container\">\n\t\t\t\t\t<h1 class=\"elementor-heading-title elementor-size-default\">POLIT\u00cdCA\u200b<\/h1>\t\t\t\t<\/div>\n\t\t\t\t<\/div>\n\t\t\t\t<div class=\"elementor-element elementor-element-37ebe44 elementor-widget elementor-widget-heading\" data-id=\"37ebe44\" data-element_type=\"widget\" data-widget_type=\"heading.default\">\n\t\t\t\t<div class=\"elementor-widget-container\">\n\t\t\t\t\t<h2 class=\"elementor-heading-title elementor-size-default\">AMBIENTAL\u200b<\/h2>\t\t\t\t<\/div>\n\t\t\t\t<\/div>\n\t\t\t\t<\/div>\n\t\t\t\t<\/section>\n\t\t<section class=\"elementor-element elementor-element-65c6d16 e-con-full e-flex e-con e-parent\" data-id=\"65c6d16\" data-element_type=\"container\">\n\t\t\t\t<div class=\"elementor-element elementor-element-e9426ed elementor-widget elementor-widget-text-editor\" data-id=\"e9426ed\" data-element_type=\"widget\" data-widget_type=\"text-editor.default\">\n\t\t\t\t<div class=\"elementor-widget-container\">\n\t\t\t\t\t\t\t\t\t<div class=\"ewa-rteLine\">El hotel <strong>Tryp Leiria<\/strong> es consciente de la importancia de una gesti\u00f3n responsable y sostenible en el desarrollo de la actividad hotelera. Bajo estas directrices, nos comprometemos a desarrollar y adoptar buenas pr\u00e1cticas destinadas a minimizar el impacto ambiental de nuestros servicios, preservar los recursos naturales, la eficiencia energ\u00e9tica y construir un futuro sostenible en el sector tur\u00edstico. Para ello, el <strong>Tryp Leiria<\/strong> establece esta pol\u00edtica en los siguientes t\u00e9rminos:<\/div>\t\t\t\t\t\t\t\t<\/div>\n\t\t\t\t<\/div>\n\t\t\t\t<\/section>\n\t\t<section class=\"elementor-element elementor-element-360cac4 e-con-full e-flex e-con e-parent\" data-id=\"360cac4\" data-element_type=\"container\">\n\t\t<div class=\"elementor-element elementor-element-e3579e5 e-con-full e-flex e-con e-child\" data-id=\"e3579e5\" data-element_type=\"container\" data-settings=\"{&quot;background_background&quot;:&quot;classic&quot;}\">\n\t\t\t\t<div class=\"elementor-element elementor-element-d301140 elementor-widget elementor-widget-spacer\" data-id=\"d301140\" data-element_type=\"widget\" data-widget_type=\"spacer.default\">\n\t\t\t\t<div class=\"elementor-widget-container\">\n\t\t\t\t\t\t\t<div class=\"elementor-spacer\">\n\t\t\t<div class=\"elementor-spacer-inner\"><\/div>\n\t\t<\/div>\n\t\t\t\t\t\t<\/div>\n\t\t\t\t<\/div>\n\t\t\t\t<\/div>\n\t\t<div class=\"elementor-element elementor-element-d8a35dd e-con-full e-flex e-con e-child\" data-id=\"d8a35dd\" data-element_type=\"container\">\n\t\t<div class=\"elementor-element elementor-element-089baa0 e-con-full e-flex e-con e-child\" data-id=\"089baa0\" data-element_type=\"container\">\n\t\t\t\t<div class=\"elementor-element elementor-element-7b58b15 elementor-widget elementor-widget-text-editor\" data-id=\"7b58b15\" data-element_type=\"widget\" data-widget_type=\"text-editor.default\">\n\t\t\t\t<div class=\"elementor-widget-container\">\n\t\t\t\t\t\t\t\t\t<div class=\"ewa-rteLine\"><div class=\"ewa-rteLine\">Cumplir los requisitos legales y ambientales aplicables a su actividad, evaluando peri\u00f3dicamente sus impactos<\/div><div class=\"ewa-rteLine\">\u00a0<\/div><div class=\"ewa-rteLine\">Promover la sensibilizaci\u00f3n y formaci\u00f3n ambiental entre los empleados para implicarles y formarles en buenas pr\u00e1cticas ambientales<\/div><div class=\"ewa-rteLine\">\u00a0<\/div><div class=\"ewa-rteLine\">Cooperar y promover la comunicaci\u00f3n con organismos y asociaciones gubernamentales y externas<\/div><\/div>\t\t\t\t\t\t\t\t<\/div>\n\t\t\t\t<\/div>\n\t\t\t\t<\/div>\n\t\t\t\t<\/div>\n\t\t\t\t<\/section>\n\t\t<section class=\"elementor-element elementor-element-a1def48 e-con-full e-flex e-con e-parent\" data-id=\"a1def48\" data-element_type=\"container\">\n\t\t<div class=\"elementor-element elementor-element-681f1aa e-con-full e-flex e-con e-child\" data-id=\"681f1aa\" data-element_type=\"container\">\n\t\t<div class=\"elementor-element elementor-element-de2a182 e-con-full e-flex e-con e-child\" data-id=\"de2a182\" data-element_type=\"container\">\n\t\t\t\t<div class=\"elementor-element elementor-element-28eb453 elementor-widget__width-initial elementor-widget elementor-widget-text-editor\" data-id=\"28eb453\" data-element_type=\"widget\" data-widget_type=\"text-editor.default\">\n\t\t\t\t<div class=\"elementor-widget-container\">\n\t\t\t\t\t\t\t\t\t<div class=\"ewa-rteLine\"><div class=\"ewa-rteLine\">Fomentar la implicaci\u00f3n de los proveedores en cuestiones de buenas pr\u00e1cticas medioambientales con vistas a mejorar el rendimiento en este \u00e1mbito y el de toda la operaci\u00f3n implicada<\/div><div class=\"ewa-rteLine\">\u00a0<\/div><div class=\"ewa-rteLine\">Reducir y controlar el consumo de energ\u00eda y materias primas<\/div><div class=\"ewa-rteLine\">\u00a0<\/div><div class=\"ewa-rteLine\">Adoptar una actitud de mejora continua en la prevenci\u00f3n de la contaminaci\u00f3n<\/div><div class=\"ewa-rteLine\">\u00a0<\/div><div class=\"ewa-rteLine\">Consolidar la conquista de clientes dispuestos a aprovechar los servicios ofrecidos por la empresa, con un alto nivel de calidad<\/div><\/div>\t\t\t\t\t\t\t\t<\/div>\n\t\t\t\t<\/div>\n\t\t\t\t<\/div>\n\t\t\t\t<\/div>\n\t\t<div class=\"elementor-element elementor-element-b0ce5e8 e-con-full e-flex e-con e-child\" data-id=\"b0ce5e8\" data-element_type=\"container\" data-settings=\"{&quot;background_background&quot;:&quot;classic&quot;}\">\n\t\t\t\t<div class=\"elementor-element elementor-element-62621bf elementor-widget elementor-widget-spacer\" data-id=\"62621bf\" data-element_type=\"widget\" data-widget_type=\"spacer.default\">\n\t\t\t\t<div class=\"elementor-widget-container\">\n\t\t\t\t\t\t\t<div class=\"elementor-spacer\">\n\t\t\t<div class=\"elementor-spacer-inner\"><\/div>\n\t\t<\/div>\n\t\t\t\t\t\t<\/div>\n\t\t\t\t<\/div>\n\t\t\t\t<\/div>\n\t\t\t\t<\/section>\n\t\t<section class=\"elementor-element elementor-element-343f2f4 e-con-full e-flex e-con e-parent\" data-id=\"343f2f4\" data-element_type=\"container\">\n\t\t\t\t<div class=\"elementor-element elementor-element-04d8398 elementor-widget elementor-widget-text-editor\" data-id=\"04d8398\" data-element_type=\"widget\" data-widget_type=\"text-editor.default\">\n\t\t\t\t<div class=\"elementor-widget-container\">\n\t\t\t\t\t\t\t\t\t<div class=\"ewa-rteLine\">Teniendo en cuenta estos principios, adem\u00e1s de proporcionar los recursos necesarios y adecuados, incluyendo la apuesta por recursos humanos especializados, con formaci\u00f3n peri\u00f3dica y equipos tecnol\u00f3gicamente avanzados, el Tryp Leiria always seeks to fully satisfy the needs and expectations of its customers.<\/div><div class=\"ewa-rteLine\">busca siempre satisfacer plenamente las necesidades y expectativas de sus clientes.<\/div>\t\t\t\t\t\t\t\t<\/div>\n\t\t\t\t<\/div>\n\t\t\t\t<\/section>\n\t\t\t\t<\/div>\n\t\t","protected":false},"excerpt":{"rendered":"<p>POLIT\u00cdCA\u200b AMBIENTAL\u200b El hotel Tryp Leiria es consciente de la importancia de una gesti\u00f3n responsable y sostenible en el desarrollo de la actividad hotelera. Bajo estas directrices, nos comprometemos a desarrollar y adoptar buenas pr\u00e1cticas destinadas a minimizar el impacto ambiental de nuestros servicios, preservar los recursos naturales, la eficiencia energ\u00e9tica y construir un futuro [&hellip;]<\/p>\n","protected":false},"author":1,"featured_media":0,"parent":0,"menu_order":0,"comment_status":"closed","ping_status":"closed","template":"","meta":{"_acf_changed":false,"footnotes":""},"class_list":["post-14572","page","type-page","status-publish","hentry"],"acf":[],"yoast_head":"<!-- This site is optimized with the Yoast SEO plugin v24.5 - https:\/\/yoast.com\/wordpress\/plugins\/seo\/ -->\n<title>Pol\u00edtica Ambiental - TRYP Leiria<\/title>\n<meta name=\"description\" content=\"O TRYP Leiria \u00e9 um hotel de ambiente relaxante e descontra\u00eddo, situado em Leiria.\" \/>\n<meta name=\"robots\" content=\"index, follow, max-snippet:-1, max-image-preview:large, max-video-preview:-1\" \/>\n<link rel=\"canonical\" href=\"https:\/\/www.trypleiria.com\/es\/politica-ambiental\/\" \/>\n<meta property=\"og:locale\" content=\"es_ES\" \/>\n<meta property=\"og:type\" content=\"article\" \/>\n<meta property=\"og:title\" content=\"Pol\u00edtica Ambiental - TRYP Leiria\" \/>\n<meta property=\"og:description\" content=\"O TRYP Leiria \u00e9 um hotel de ambiente relaxante e descontra\u00eddo, situado em Leiria.\" \/>\n<meta property=\"og:url\" content=\"https:\/\/www.trypleiria.com\/es\/politica-ambiental\/\" \/>\n<meta property=\"og:site_name\" content=\"TRYP Leiria\" \/>\n<meta property=\"article:publisher\" content=\"https:\/\/www.facebook.com\/trypleiria\/\" \/>\n<meta property=\"article:modified_time\" content=\"2025-01-15T14:53:12+00:00\" \/>\n<meta property=\"og:image\" content=\"https:\/\/www.trypleiria.com\/wp-content\/uploads\/sites\/13\/2024\/04\/TRYP_Leiria_Open-Graph.jpg\" \/>\n\t<meta property=\"og:image:width\" content=\"1200\" \/>\n\t<meta property=\"og:image:height\" content=\"630\" \/>\n\t<meta property=\"og:image:type\" content=\"image\/jpeg\" \/>\n<meta name=\"twitter:card\" content=\"summary_large_image\" \/>\n<meta name=\"twitter:label1\" content=\"Tiempo de lectura\" \/>\n\t<meta name=\"twitter:data1\" content=\"2 minutos\" \/>\n<script type=\"application\/ld+json\" class=\"yoast-schema-graph\">{\"@context\":\"https:\/\/schema.org\",\"@graph\":[{\"@type\":\"WebPage\",\"@id\":\"https:\/\/www.trypleiria.com\/es\/politica-ambiental\/\",\"url\":\"https:\/\/www.trypleiria.com\/es\/politica-ambiental\/\",\"name\":\"Pol\u00edtica Ambiental - TRYP Leiria\",\"isPartOf\":{\"@id\":\"https:\/\/www.trypleiria.com\/es\/#website\"},\"datePublished\":\"2024-04-12T15:43:39+00:00\",\"dateModified\":\"2025-01-15T14:53:12+00:00\",\"description\":\"O TRYP Leiria \u00e9 um hotel de ambiente relaxante e descontra\u00eddo, situado em Leiria.\",\"breadcrumb\":{\"@id\":\"https:\/\/www.trypleiria.com\/es\/politica-ambiental\/#breadcrumb\"},\"inLanguage\":\"es\",\"potentialAction\":[{\"@type\":\"ReadAction\",\"target\":[\"https:\/\/www.trypleiria.com\/es\/politica-ambiental\/\"]}]},{\"@type\":\"BreadcrumbList\",\"@id\":\"https:\/\/www.trypleiria.com\/es\/politica-ambiental\/#breadcrumb\",\"itemListElement\":[{\"@type\":\"ListItem\",\"position\":1,\"name\":\"In\u00edcio\",\"item\":\"https:\/\/www.trypleiria.com\/es\/\"},{\"@type\":\"ListItem\",\"position\":2,\"name\":\"Pol\u00edtica Ambiental\"}]},{\"@type\":\"WebSite\",\"@id\":\"https:\/\/www.trypleiria.com\/es\/#website\",\"url\":\"https:\/\/www.trypleiria.com\/es\/\",\"name\":\"TRYP Leiria\",\"description\":\"O TRYP Leiria \u00e9 um hotel de ambiente relaxante e descontra\u00eddo\",\"publisher\":{\"@id\":\"https:\/\/www.trypleiria.com\/es\/#organization\"},\"alternateName\":\"TRYP Leiria\",\"potentialAction\":[{\"@type\":\"SearchAction\",\"target\":{\"@type\":\"EntryPoint\",\"urlTemplate\":\"https:\/\/www.trypleiria.com\/es\/?s={search_term_string}\"},\"query-input\":{\"@type\":\"PropertyValueSpecification\",\"valueRequired\":true,\"valueName\":\"search_term_string\"}}],\"inLanguage\":\"es\"},{\"@type\":\"Organization\",\"@id\":\"https:\/\/www.trypleiria.com\/es\/#organization\",\"name\":\"TRYP Leiria\",\"alternateName\":\"TRYP Leiria\",\"url\":\"https:\/\/www.trypleiria.com\/es\/\",\"logo\":{\"@type\":\"ImageObject\",\"inLanguage\":\"es\",\"@id\":\"https:\/\/www.trypleiria.com\/es\/#\/schema\/logo\/image\/\",\"url\":\"https:\/\/www.trypleiria.com\/wp-content\/uploads\/sites\/13\/2025\/12\/TrypLeiria_Logo.png\",\"contentUrl\":\"https:\/\/www.trypleiria.com\/wp-content\/uploads\/sites\/13\/2025\/12\/TrypLeiria_Logo.png\",\"width\":158,\"height\":90,\"caption\":\"TRYP Leiria\"},\"image\":{\"@id\":\"https:\/\/www.trypleiria.com\/es\/#\/schema\/logo\/image\/\"},\"sameAs\":[\"https:\/\/www.facebook.com\/trypleiria\/\",\"https:\/\/www.linkedin.com\/company\/hoti-hoteis\/\",\"https:\/\/www.tripadvisor.pt\/UserReviewEdit-g230085-d8091787-TRYP_by_Wyndham_Leiria-Leiria_Leiria_District_Central_Portugal.html\",\"https:\/\/www.youtube.com\/channel\/UCP0ugsnZVvziVrrstHe2gqg\"]}]}<\/script>\n<!-- \/ Yoast SEO plugin. -->","yoast_head_json":{"title":"Pol\u00edtica Ambiental - TRYP Leiria","description":"O TRYP Leiria \u00e9 um hotel de ambiente relaxante e descontra\u00eddo, situado em Leiria.","robots":{"index":"index","follow":"follow","max-snippet":"max-snippet:-1","max-image-preview":"max-image-preview:large","max-video-preview":"max-video-preview:-1"},"canonical":"https:\/\/www.trypleiria.com\/es\/politica-ambiental\/","og_locale":"es_ES","og_type":"article","og_title":"Pol\u00edtica Ambiental - TRYP Leiria","og_description":"O TRYP Leiria \u00e9 um hotel de ambiente relaxante e descontra\u00eddo, situado em Leiria.","og_url":"https:\/\/www.trypleiria.com\/es\/politica-ambiental\/","og_site_name":"TRYP Leiria","article_publisher":"https:\/\/www.facebook.com\/trypleiria\/","article_modified_time":"2025-01-15T14:53:12+00:00","og_image":[{"width":1200,"height":630,"url":"https:\/\/www.trypleiria.com\/wp-content\/uploads\/sites\/13\/2024\/04\/TRYP_Leiria_Open-Graph.jpg","type":"image\/jpeg"}],"twitter_card":"summary_large_image","twitter_misc":{"Tiempo de lectura":"2 minutos"},"schema":{"@context":"https:\/\/schema.org","@graph":[{"@type":"WebPage","@id":"https:\/\/www.trypleiria.com\/es\/politica-ambiental\/","url":"https:\/\/www.trypleiria.com\/es\/politica-ambiental\/","name":"Pol\u00edtica Ambiental - TRYP Leiria","isPartOf":{"@id":"https:\/\/www.trypleiria.com\/es\/#website"},"datePublished":"2024-04-12T15:43:39+00:00","dateModified":"2025-01-15T14:53:12+00:00","description":"O TRYP Leiria \u00e9 um hotel de ambiente relaxante e descontra\u00eddo, situado em Leiria.","breadcrumb":{"@id":"https:\/\/www.trypleiria.com\/es\/politica-ambiental\/#breadcrumb"},"inLanguage":"es","potentialAction":[{"@type":"ReadAction","target":["https:\/\/www.trypleiria.com\/es\/politica-ambiental\/"]}]},{"@type":"BreadcrumbList","@id":"https:\/\/www.trypleiria.com\/es\/politica-ambiental\/#breadcrumb","itemListElement":[{"@type":"ListItem","position":1,"name":"In\u00edcio","item":"https:\/\/www.trypleiria.com\/es\/"},{"@type":"ListItem","position":2,"name":"Pol\u00edtica Ambiental"}]},{"@type":"WebSite","@id":"https:\/\/www.trypleiria.com\/es\/#website","url":"https:\/\/www.trypleiria.com\/es\/","name":"TRYP Leiria","description":"O TRYP Leiria \u00e9 um hotel de ambiente relaxante e descontra\u00eddo","publisher":{"@id":"https:\/\/www.trypleiria.com\/es\/#organization"},"alternateName":"TRYP Leiria","potentialAction":[{"@type":"SearchAction","target":{"@type":"EntryPoint","urlTemplate":"https:\/\/www.trypleiria.com\/es\/?s={search_term_string}"},"query-input":{"@type":"PropertyValueSpecification","valueRequired":true,"valueName":"search_term_string"}}],"inLanguage":"es"},{"@type":"Organization","@id":"https:\/\/www.trypleiria.com\/es\/#organization","name":"TRYP Leiria","alternateName":"TRYP Leiria","url":"https:\/\/www.trypleiria.com\/es\/","logo":{"@type":"ImageObject","inLanguage":"es","@id":"https:\/\/www.trypleiria.com\/es\/#\/schema\/logo\/image\/","url":"https:\/\/www.trypleiria.com\/wp-content\/uploads\/sites\/13\/2025\/12\/TrypLeiria_Logo.png","contentUrl":"https:\/\/www.trypleiria.com\/wp-content\/uploads\/sites\/13\/2025\/12\/TrypLeiria_Logo.png","width":158,"height":90,"caption":"TRYP Leiria"},"image":{"@id":"https:\/\/www.trypleiria.com\/es\/#\/schema\/logo\/image\/"},"sameAs":["https:\/\/www.facebook.com\/trypleiria\/","https:\/\/www.linkedin.com\/company\/hoti-hoteis\/","https:\/\/www.tripadvisor.pt\/UserReviewEdit-g230085-d8091787-TRYP_by_Wyndham_Leiria-Leiria_Leiria_District_Central_Portugal.html","https:\/\/www.youtube.com\/channel\/UCP0ugsnZVvziVrrstHe2gqg"]}]}},"_links":{"self":[{"href":"https:\/\/www.trypleiria.com\/es\/wp-json\/wp\/v2\/pages\/14572","targetHints":{"allow":["GET"]}}],"collection":[{"href":"https:\/\/www.trypleiria.com\/es\/wp-json\/wp\/v2\/pages"}],"about":[{"href":"https:\/\/www.trypleiria.com\/es\/wp-json\/wp\/v2\/types\/page"}],"author":[{"embeddable":true,"href":"https:\/\/www.trypleiria.com\/es\/wp-json\/wp\/v2\/users\/1"}],"replies":[{"embeddable":true,"href":"https:\/\/www.trypleiria.com\/es\/wp-json\/wp\/v2\/comments?post=14572"}],"version-history":[{"count":10,"href":"https:\/\/www.trypleiria.com\/es\/wp-json\/wp\/v2\/pages\/14572\/revisions"}],"predecessor-version":[{"id":17209,"href":"https:\/\/www.trypleiria.com\/es\/wp-json\/wp\/v2\/pages\/14572\/revisions\/17209"}],"wp:attachment":[{"href":"https:\/\/www.trypleiria.com\/es\/wp-json\/wp\/v2\/media?parent=14572"}],"curies":[{"name":"wp","href":"https:\/\/api.w.org\/{rel}","templated":true}]}}