{"id":14571,"date":"2024-04-12T16:43:39","date_gmt":"2024-04-12T15:43:39","guid":{"rendered":"https:\/\/leiria.hoti.shareit.pt\/politica-ambiental\/"},"modified":"2025-01-15T14:52:25","modified_gmt":"2025-01-15T14:52:25","slug":"umweltpolitik","status":"publish","type":"page","link":"https:\/\/www.trypleiria.com\/de\/umweltpolitik\/","title":{"rendered":"Umweltpolitik"},"content":{"rendered":"\t\t<div data-elementor-type=\"wp-page\" data-elementor-id=\"14571\" class=\"elementor elementor-14571 elementor-14320\" data-elementor-post-type=\"page\">\n\t\t\t\t<section class=\"elementor-element elementor-element-0d006ca e-con-full e-flex e-con e-parent\" data-id=\"0d006ca\" data-element_type=\"container\" data-settings=\"{&quot;background_background&quot;:&quot;classic&quot;}\">\n\t\t<div class=\"elementor-element elementor-element-460a01e e-con-full e-flex e-con e-child\" data-id=\"460a01e\" data-element_type=\"container\">\n\t\t\t\t<div class=\"elementor-element elementor-element-37ebe44 elementor-widget elementor-widget-heading\" data-id=\"37ebe44\" data-element_type=\"widget\" data-widget_type=\"heading.default\">\n\t\t\t\t<div class=\"elementor-widget-container\">\n\t\t\t\t\t<h1 class=\"elementor-heading-title elementor-size-default\">Umweltpolitik<\/h1>\t\t\t\t<\/div>\n\t\t\t\t<\/div>\n\t\t\t\t<\/div>\n\t\t\t\t<\/section>\n\t\t<section class=\"elementor-element elementor-element-65c6d16 e-con-full e-flex e-con e-parent\" data-id=\"65c6d16\" data-element_type=\"container\">\n\t\t\t\t<div class=\"elementor-element elementor-element-e9426ed elementor-widget elementor-widget-text-editor\" data-id=\"e9426ed\" data-element_type=\"widget\" data-widget_type=\"text-editor.default\">\n\t\t\t\t<div class=\"elementor-widget-container\">\n\t\t\t\t\t\t\t\t\t<div class=\"ewa-rteLine\">Das <strong>Tryp Leiria<\/strong> Hotel ist sich der Bedeutung eines verantwortungsvollen und nachhaltigen Managements bei der Entwicklung der Hotelt\u00e4tigkeit bewusst. Im Rahmen dieser Leitlinien verpflichten wir uns, gute Praktiken zu entwickeln und einzuf\u00fchren, die darauf abzielen, die Auswirkungen unserer Dienstleistungen auf die Umwelt zu minimieren, die nat\u00fcrlichen Ressourcen zu erhalten, die Energieeffizienz zu verbessern und eine nachhaltige Zukunft im Tourismussektor aufzubauen. Zu diesem Zweck legt das <strong>Tryp Leiria<\/strong> diese Politik wie folgt fest:<\/div>\t\t\t\t\t\t\t\t<\/div>\n\t\t\t\t<\/div>\n\t\t\t\t<\/section>\n\t\t<section class=\"elementor-element elementor-element-360cac4 e-con-full e-flex e-con e-parent\" data-id=\"360cac4\" data-element_type=\"container\">\n\t\t<div class=\"elementor-element elementor-element-e3579e5 e-con-full e-flex e-con e-child\" data-id=\"e3579e5\" data-element_type=\"container\" data-settings=\"{&quot;background_background&quot;:&quot;classic&quot;}\">\n\t\t\t\t<div class=\"elementor-element elementor-element-d301140 elementor-widget elementor-widget-spacer\" data-id=\"d301140\" data-element_type=\"widget\" data-widget_type=\"spacer.default\">\n\t\t\t\t<div class=\"elementor-widget-container\">\n\t\t\t\t\t\t\t<div class=\"elementor-spacer\">\n\t\t\t<div class=\"elementor-spacer-inner\"><\/div>\n\t\t<\/div>\n\t\t\t\t\t\t<\/div>\n\t\t\t\t<\/div>\n\t\t\t\t<\/div>\n\t\t<div class=\"elementor-element elementor-element-d8a35dd e-con-full e-flex e-con e-child\" data-id=\"d8a35dd\" data-element_type=\"container\">\n\t\t<div class=\"elementor-element elementor-element-089baa0 e-con-full e-flex e-con e-child\" data-id=\"089baa0\" data-element_type=\"container\">\n\t\t\t\t<div class=\"elementor-element elementor-element-7b58b15 elementor-widget elementor-widget-text-editor\" data-id=\"7b58b15\" data-element_type=\"widget\" data-widget_type=\"text-editor.default\">\n\t\t\t\t<div class=\"elementor-widget-container\">\n\t\t\t\t\t\t\t\t\t<div class=\"ewa-rteLine\"><p>Die f\u00fcr ihre T\u00e4tigkeit geltenden Rechts- und Umweltvorschriften einzuhalten und ihre Auswirkungen regelm\u00e4\u00dfig zu bewerten.<\/p><p>F\u00f6rderung des Umweltbewusstseins und der Ausbildung der Mitarbeiter, um sie einzubeziehen und sie in guten Umweltpraktiken zu schulen.<\/p><p>Zusammenarbeit und F\u00f6rderung der Kommunikation mit staatlichen und externen Stellen und Verb\u00e4nden.<\/p><\/div>\t\t\t\t\t\t\t\t<\/div>\n\t\t\t\t<\/div>\n\t\t\t\t<\/div>\n\t\t\t\t<\/div>\n\t\t\t\t<\/section>\n\t\t<section class=\"elementor-element elementor-element-a1def48 e-con-full e-flex e-con e-parent\" data-id=\"a1def48\" data-element_type=\"container\">\n\t\t<div class=\"elementor-element elementor-element-681f1aa e-con-full e-flex e-con e-child\" data-id=\"681f1aa\" data-element_type=\"container\">\n\t\t<div class=\"elementor-element elementor-element-de2a182 e-con-full e-flex e-con e-child\" data-id=\"de2a182\" data-element_type=\"container\">\n\t\t\t\t<div class=\"elementor-element elementor-element-28eb453 elementor-widget__width-initial elementor-widget elementor-widget-text-editor\" data-id=\"28eb453\" data-element_type=\"widget\" data-widget_type=\"text-editor.default\">\n\t\t\t\t<div class=\"elementor-widget-container\">\n\t\t\t\t\t\t\t\t\t<div class=\"ewa-rteLine\"><p>F\u00f6rderung der Einbeziehung von Lieferanten in Fragen der guten Umweltpraxis mit dem Ziel, die Leistung in diesem Bereich und die des gesamten Betriebs zu verbessern.<\/p><p>Senkung und Kontrolle des Energie- und Rohstoffverbrauchs.<\/p><p>eine Haltung der kontinuierlichen Verbesserung bei der Vermeidung von Umweltverschmutzung einnehmen.<\/p><p>Konsolidierung der Eroberung von Kunden, die bereit sind, die vom Unternehmen angebotenen Dienstleistungen mit einem hohen Qualit\u00e4tsniveau zu nutzen.<\/p><\/div>\t\t\t\t\t\t\t\t<\/div>\n\t\t\t\t<\/div>\n\t\t\t\t<\/div>\n\t\t\t\t<\/div>\n\t\t<div class=\"elementor-element elementor-element-b0ce5e8 e-con-full e-flex e-con e-child\" data-id=\"b0ce5e8\" data-element_type=\"container\" data-settings=\"{&quot;background_background&quot;:&quot;classic&quot;}\">\n\t\t\t\t<div class=\"elementor-element elementor-element-62621bf elementor-widget elementor-widget-spacer\" data-id=\"62621bf\" data-element_type=\"widget\" data-widget_type=\"spacer.default\">\n\t\t\t\t<div class=\"elementor-widget-container\">\n\t\t\t\t\t\t\t<div class=\"elementor-spacer\">\n\t\t\t<div class=\"elementor-spacer-inner\"><\/div>\n\t\t<\/div>\n\t\t\t\t\t\t<\/div>\n\t\t\t\t<\/div>\n\t\t\t\t<\/div>\n\t\t\t\t<\/section>\n\t\t<section class=\"elementor-element elementor-element-343f2f4 e-con-full e-flex e-con e-parent\" data-id=\"343f2f4\" data-element_type=\"container\">\n\t\t\t\t<div class=\"elementor-element elementor-element-04d8398 elementor-widget elementor-widget-text-editor\" data-id=\"04d8398\" data-element_type=\"widget\" data-widget_type=\"text-editor.default\">\n\t\t\t\t<div class=\"elementor-widget-container\">\n\t\t\t\t\t\t\t\t\t<p>Unter Ber\u00fccksichtigung dieser Grunds\u00e4tze sowie der Bereitstellung der notwendigen und angemessenen Ressourcen, einschlie\u00dflich der Verpflichtung zu spezialisiertem Personal, mit regelm\u00e4\u00dfiger Schulung und technologisch fortschrittlicher Ausstattung, ist das Tryp Leiria stets bestrebt, die Bed\u00fcrfnisse und Erwartungen seiner Kunden voll und ganz zu erf\u00fcllen.<\/p>\t\t\t\t\t\t\t\t<\/div>\n\t\t\t\t<\/div>\n\t\t\t\t<\/section>\n\t\t\t\t<\/div>\n\t\t","protected":false},"excerpt":{"rendered":"<p>Umweltpolitik Das Tryp Leiria Hotel ist sich der Bedeutung eines verantwortungsvollen und nachhaltigen Managements bei der Entwicklung der Hotelt\u00e4tigkeit bewusst. Im Rahmen dieser Leitlinien verpflichten wir uns, gute Praktiken zu entwickeln und einzuf\u00fchren, die darauf abzielen, die Auswirkungen unserer Dienstleistungen auf die Umwelt zu minimieren, die nat\u00fcrlichen Ressourcen zu erhalten, die Energieeffizienz zu verbessern und [&hellip;]<\/p>\n","protected":false},"author":1,"featured_media":0,"parent":0,"menu_order":0,"comment_status":"closed","ping_status":"closed","template":"","meta":{"_acf_changed":false,"footnotes":""},"class_list":["post-14571","page","type-page","status-publish","hentry"],"acf":[],"yoast_head":"<!-- This site is optimized with the Yoast SEO plugin v24.5 - https:\/\/yoast.com\/wordpress\/plugins\/seo\/ -->\n<title>Umweltpolitik - TRYP Leiria<\/title>\n<meta name=\"description\" content=\"O TRYP Leiria \u00e9 um hotel de ambiente relaxante e descontra\u00eddo, situado em Leiria.\" \/>\n<meta name=\"robots\" content=\"index, follow, max-snippet:-1, max-image-preview:large, max-video-preview:-1\" \/>\n<link rel=\"canonical\" href=\"https:\/\/www.trypleiria.com\/de\/umweltpolitik\/\" \/>\n<meta property=\"og:locale\" content=\"de_DE\" \/>\n<meta property=\"og:type\" content=\"article\" \/>\n<meta property=\"og:title\" content=\"Umweltpolitik - TRYP Leiria\" \/>\n<meta property=\"og:description\" content=\"O TRYP Leiria \u00e9 um hotel de ambiente relaxante e descontra\u00eddo, situado em Leiria.\" \/>\n<meta property=\"og:url\" content=\"https:\/\/www.trypleiria.com\/de\/umweltpolitik\/\" \/>\n<meta property=\"og:site_name\" content=\"TRYP Leiria\" \/>\n<meta property=\"article:publisher\" content=\"https:\/\/www.facebook.com\/trypleiria\/\" \/>\n<meta property=\"article:modified_time\" content=\"2025-01-15T14:52:25+00:00\" \/>\n<meta property=\"og:image\" content=\"https:\/\/www.trypleiria.com\/wp-content\/uploads\/sites\/13\/2024\/04\/TRYP_Leiria_Open-Graph.jpg\" \/>\n\t<meta property=\"og:image:width\" content=\"1200\" \/>\n\t<meta property=\"og:image:height\" content=\"630\" \/>\n\t<meta property=\"og:image:type\" content=\"image\/jpeg\" \/>\n<meta name=\"twitter:card\" content=\"summary_large_image\" \/>\n<meta name=\"twitter:label1\" content=\"Gesch\u00e4tzte Lesezeit\" \/>\n\t<meta name=\"twitter:data1\" content=\"2\u00a0Minuten\" \/>\n<script type=\"application\/ld+json\" class=\"yoast-schema-graph\">{\"@context\":\"https:\/\/schema.org\",\"@graph\":[{\"@type\":\"WebPage\",\"@id\":\"https:\/\/www.trypleiria.com\/de\/umweltpolitik\/\",\"url\":\"https:\/\/www.trypleiria.com\/de\/umweltpolitik\/\",\"name\":\"Umweltpolitik - TRYP Leiria\",\"isPartOf\":{\"@id\":\"https:\/\/www.trypleiria.com\/de\/#website\"},\"datePublished\":\"2024-04-12T15:43:39+00:00\",\"dateModified\":\"2025-01-15T14:52:25+00:00\",\"description\":\"O TRYP Leiria \u00e9 um hotel de ambiente relaxante e descontra\u00eddo, situado em Leiria.\",\"breadcrumb\":{\"@id\":\"https:\/\/www.trypleiria.com\/de\/umweltpolitik\/#breadcrumb\"},\"inLanguage\":\"de\",\"potentialAction\":[{\"@type\":\"ReadAction\",\"target\":[\"https:\/\/www.trypleiria.com\/de\/umweltpolitik\/\"]}]},{\"@type\":\"BreadcrumbList\",\"@id\":\"https:\/\/www.trypleiria.com\/de\/umweltpolitik\/#breadcrumb\",\"itemListElement\":[{\"@type\":\"ListItem\",\"position\":1,\"name\":\"In\u00edcio\",\"item\":\"https:\/\/www.trypleiria.com\/de\/\"},{\"@type\":\"ListItem\",\"position\":2,\"name\":\"Umweltpolitik\"}]},{\"@type\":\"WebSite\",\"@id\":\"https:\/\/www.trypleiria.com\/de\/#website\",\"url\":\"https:\/\/www.trypleiria.com\/de\/\",\"name\":\"TRYP Leiria\",\"description\":\"TRYP Leiria ist ein Hotel mit einer entspannten und entspannten Atmosph\u00e4re\",\"publisher\":{\"@id\":\"https:\/\/www.trypleiria.com\/de\/#organization\"},\"alternateName\":\"TRYP Leiria\",\"potentialAction\":[{\"@type\":\"SearchAction\",\"target\":{\"@type\":\"EntryPoint\",\"urlTemplate\":\"https:\/\/www.trypleiria.com\/de\/?s={search_term_string}\"},\"query-input\":{\"@type\":\"PropertyValueSpecification\",\"valueRequired\":true,\"valueName\":\"search_term_string\"}}],\"inLanguage\":\"de\"},{\"@type\":\"Organization\",\"@id\":\"https:\/\/www.trypleiria.com\/de\/#organization\",\"name\":\"TRYP Leiria\",\"alternateName\":\"TRYP Leiria\",\"url\":\"https:\/\/www.trypleiria.com\/de\/\",\"logo\":{\"@type\":\"ImageObject\",\"inLanguage\":\"de\",\"@id\":\"https:\/\/www.trypleiria.com\/de\/#\/schema\/logo\/image\/\",\"url\":\"https:\/\/www.trypleiria.com\/wp-content\/uploads\/sites\/13\/2025\/12\/TrypLeiria_Logo.png\",\"contentUrl\":\"https:\/\/www.trypleiria.com\/wp-content\/uploads\/sites\/13\/2025\/12\/TrypLeiria_Logo.png\",\"width\":158,\"height\":90,\"caption\":\"TRYP Leiria\"},\"image\":{\"@id\":\"https:\/\/www.trypleiria.com\/de\/#\/schema\/logo\/image\/\"},\"sameAs\":[\"https:\/\/www.facebook.com\/trypleiria\/\",\"https:\/\/www.linkedin.com\/company\/hoti-hoteis\/\",\"https:\/\/www.tripadvisor.pt\/UserReviewEdit-g230085-d8091787-TRYP_by_Wyndham_Leiria-Leiria_Leiria_District_Central_Portugal.html\",\"https:\/\/www.youtube.com\/channel\/UCP0ugsnZVvziVrrstHe2gqg\"]}]}<\/script>\n<!-- \/ Yoast SEO plugin. -->","yoast_head_json":{"title":"Umweltpolitik - TRYP Leiria","description":"O TRYP Leiria \u00e9 um hotel de ambiente relaxante e descontra\u00eddo, situado em Leiria.","robots":{"index":"index","follow":"follow","max-snippet":"max-snippet:-1","max-image-preview":"max-image-preview:large","max-video-preview":"max-video-preview:-1"},"canonical":"https:\/\/www.trypleiria.com\/de\/umweltpolitik\/","og_locale":"de_DE","og_type":"article","og_title":"Umweltpolitik - TRYP Leiria","og_description":"O TRYP Leiria \u00e9 um hotel de ambiente relaxante e descontra\u00eddo, situado em Leiria.","og_url":"https:\/\/www.trypleiria.com\/de\/umweltpolitik\/","og_site_name":"TRYP Leiria","article_publisher":"https:\/\/www.facebook.com\/trypleiria\/","article_modified_time":"2025-01-15T14:52:25+00:00","og_image":[{"width":1200,"height":630,"url":"https:\/\/www.trypleiria.com\/wp-content\/uploads\/sites\/13\/2024\/04\/TRYP_Leiria_Open-Graph.jpg","type":"image\/jpeg"}],"twitter_card":"summary_large_image","twitter_misc":{"Gesch\u00e4tzte Lesezeit":"2\u00a0Minuten"},"schema":{"@context":"https:\/\/schema.org","@graph":[{"@type":"WebPage","@id":"https:\/\/www.trypleiria.com\/de\/umweltpolitik\/","url":"https:\/\/www.trypleiria.com\/de\/umweltpolitik\/","name":"Umweltpolitik - TRYP Leiria","isPartOf":{"@id":"https:\/\/www.trypleiria.com\/de\/#website"},"datePublished":"2024-04-12T15:43:39+00:00","dateModified":"2025-01-15T14:52:25+00:00","description":"O TRYP Leiria \u00e9 um hotel de ambiente relaxante e descontra\u00eddo, situado em Leiria.","breadcrumb":{"@id":"https:\/\/www.trypleiria.com\/de\/umweltpolitik\/#breadcrumb"},"inLanguage":"de","potentialAction":[{"@type":"ReadAction","target":["https:\/\/www.trypleiria.com\/de\/umweltpolitik\/"]}]},{"@type":"BreadcrumbList","@id":"https:\/\/www.trypleiria.com\/de\/umweltpolitik\/#breadcrumb","itemListElement":[{"@type":"ListItem","position":1,"name":"In\u00edcio","item":"https:\/\/www.trypleiria.com\/de\/"},{"@type":"ListItem","position":2,"name":"Umweltpolitik"}]},{"@type":"WebSite","@id":"https:\/\/www.trypleiria.com\/de\/#website","url":"https:\/\/www.trypleiria.com\/de\/","name":"TRYP Leiria","description":"TRYP Leiria ist ein Hotel mit einer entspannten und entspannten Atmosph\u00e4re","publisher":{"@id":"https:\/\/www.trypleiria.com\/de\/#organization"},"alternateName":"TRYP Leiria","potentialAction":[{"@type":"SearchAction","target":{"@type":"EntryPoint","urlTemplate":"https:\/\/www.trypleiria.com\/de\/?s={search_term_string}"},"query-input":{"@type":"PropertyValueSpecification","valueRequired":true,"valueName":"search_term_string"}}],"inLanguage":"de"},{"@type":"Organization","@id":"https:\/\/www.trypleiria.com\/de\/#organization","name":"TRYP Leiria","alternateName":"TRYP Leiria","url":"https:\/\/www.trypleiria.com\/de\/","logo":{"@type":"ImageObject","inLanguage":"de","@id":"https:\/\/www.trypleiria.com\/de\/#\/schema\/logo\/image\/","url":"https:\/\/www.trypleiria.com\/wp-content\/uploads\/sites\/13\/2025\/12\/TrypLeiria_Logo.png","contentUrl":"https:\/\/www.trypleiria.com\/wp-content\/uploads\/sites\/13\/2025\/12\/TrypLeiria_Logo.png","width":158,"height":90,"caption":"TRYP Leiria"},"image":{"@id":"https:\/\/www.trypleiria.com\/de\/#\/schema\/logo\/image\/"},"sameAs":["https:\/\/www.facebook.com\/trypleiria\/","https:\/\/www.linkedin.com\/company\/hoti-hoteis\/","https:\/\/www.tripadvisor.pt\/UserReviewEdit-g230085-d8091787-TRYP_by_Wyndham_Leiria-Leiria_Leiria_District_Central_Portugal.html","https:\/\/www.youtube.com\/channel\/UCP0ugsnZVvziVrrstHe2gqg"]}]}},"_links":{"self":[{"href":"https:\/\/www.trypleiria.com\/de\/wp-json\/wp\/v2\/pages\/14571","targetHints":{"allow":["GET"]}}],"collection":[{"href":"https:\/\/www.trypleiria.com\/de\/wp-json\/wp\/v2\/pages"}],"about":[{"href":"https:\/\/www.trypleiria.com\/de\/wp-json\/wp\/v2\/types\/page"}],"author":[{"embeddable":true,"href":"https:\/\/www.trypleiria.com\/de\/wp-json\/wp\/v2\/users\/1"}],"replies":[{"embeddable":true,"href":"https:\/\/www.trypleiria.com\/de\/wp-json\/wp\/v2\/comments?post=14571"}],"version-history":[{"count":10,"href":"https:\/\/www.trypleiria.com\/de\/wp-json\/wp\/v2\/pages\/14571\/revisions"}],"predecessor-version":[{"id":17206,"href":"https:\/\/www.trypleiria.com\/de\/wp-json\/wp\/v2\/pages\/14571\/revisions\/17206"}],"wp:attachment":[{"href":"https:\/\/www.trypleiria.com\/de\/wp-json\/wp\/v2\/media?parent=14571"}],"curies":[{"name":"wp","href":"https:\/\/api.w.org\/{rel}","templated":true}]}}